{"id":2,"date":"2016-06-10T12:55:13","date_gmt":"2016-06-10T12:55:13","guid":{"rendered":"http:\/\/esnetworks.fi\/?page_id=2"},"modified":"2016-10-25T22:49:41","modified_gmt":"2016-10-25T19:49:41","slug":"sample-page","status":"publish","type":"page","link":"https:\/\/esnetworks.fi\/","title":{"rendered":"Meilt\u00e4 saat kaikki tarvitsemasi it-ratkaisut"},"content":{"rendered":"<p>Kaapeloinnista alkaen aktiivilaitteisiin, palvelimiin, et\u00e4ty\u00f6ratkaisuihin ja langattomiin verkkoihin. Domain rekister\u00f6innit, www- ja s\u00e4hk\u00f6postipalvelut.<\/p>\n<p>Autamme k\u00e4ytt\u00f6\u00f6notossa tai hoidamme sen kokonaisuutena. Tarjoamme yll\u00e4pitoa ja tukea ratkaisujen luotettavuuden takaamiseksi. My\u00f6s apua vikatilanteissa.<\/p>\n<hr \/>\n<p style=\"text-align: center;\">Ota yhteytt\u00e4!<br \/>\nElite Solutions<br \/>\nsolutions@esnet.fi<br \/>\n0505921490<\/p>\n<hr \/>\n<p style=\"text-align: center;\">Palvelemme ruotsiksi, suomeksi ja englanniksi. P\u00e4\u00e4toimialueemme on Turku &#8211; Parainen<\/p>\n","protected":false},"excerpt":{"rendered":"<p>Kaapeloinnista alkaen aktiivilaitteisiin, palvelimiin, et\u00e4ty\u00f6ratkaisuihin ja langattomiin verkkoihin. Domain rekister\u00f6innit, www- ja s\u00e4hk\u00f6postipalvelut. Autamme k\u00e4ytt\u00f6\u00f6notossa tai hoidamme sen kokonaisuutena. Tarjoamme yll\u00e4pitoa ja tukea ratkaisujen luotettavuuden takaamiseksi. My\u00f6s apua vikatilanteissa. Ota yhteytt\u00e4! Elite Solutions solutions@esnet.fi 0505921490 Palvelemme ruotsiksi, suomeksi ja englanniksi. P\u00e4\u00e4toimialueemme on Turku &#8211; Parainen<\/p>\n","protected":false},"author":1,"featured_media":0,"parent":0,"menu_order":0,"comment_status":"closed","ping_status":"open","template":"","meta":{"footnotes":""},"class_list":["post-2","page","type-page","status-publish","hentry"],"_links":{"self":[{"href":"https:\/\/esnetworks.fi\/index.php\/wp-json\/wp\/v2\/pages\/2","targetHints":{"allow":["GET"]}}],"collection":[{"href":"https:\/\/esnetworks.fi\/index.php\/wp-json\/wp\/v2\/pages"}],"about":[{"href":"https:\/\/esnetworks.fi\/index.php\/wp-json\/wp\/v2\/types\/page"}],"author":[{"embeddable":true,"href":"https:\/\/esnetworks.fi\/index.php\/wp-json\/wp\/v2\/users\/1"}],"replies":[{"embeddable":true,"href":"https:\/\/esnetworks.fi\/index.php\/wp-json\/wp\/v2\/comments?post=2"}],"version-history":[{"count":2,"href":"https:\/\/esnetworks.fi\/index.php\/wp-json\/wp\/v2\/pages\/2\/revisions"}],"predecessor-version":[{"id":13,"href":"https:\/\/esnetworks.fi\/index.php\/wp-json\/wp\/v2\/pages\/2\/revisions\/13"}],"wp:attachment":[{"href":"https:\/\/esnetworks.fi\/index.php\/wp-json\/wp\/v2\/media?parent=2"}],"curies":[{"name":"wp","href":"https:\/\/api.w.org\/{rel}","templated":true}]}}